{"id":10803,"date":"2021-11-08T15:34:22","date_gmt":"2021-11-08T18:34:22","guid":{"rendered":"https:\/\/www.capacitacionensalud.com.ar\/dat\/?page_id=10803"},"modified":"2025-06-06T15:58:32","modified_gmt":"2025-06-06T18:58:32","slug":"diplomatura-superior-at","status":"publish","type":"page","link":"https:\/\/www.capacitacionensalud.com.ar\/dat\/diplomatura-superior-at\/","title":{"rendered":"Diplomatura Superior en Acompa\u00f1amiento Terap\u00e9utico"},"content":{"rendered":"<p>[vc_row content_placement=&#8221;top&#8221; css=&#8221;.vc_custom_1591898593029{background-position: 0 0 !important;background-repeat: no-repeat !important;}&#8221;][vc_column offset=&#8221;vc_hidden-xs&#8221;]\n\t\t\t<!-- START at REVOLUTION SLIDER 6.6.16 --><p class=\"rs-p-wp-fix\"><\/p>\n\t\t\t<rs-module-wrap id=\"rev_slider_6_1_wrapper\" data-source=\"gallery\" style=\"visibility:hidden;background:transparent;padding:0;margin:0px auto;margin-top:0;margin-bottom:0;\">\n\t\t\t\t<rs-module id=\"rev_slider_6_1\" style=\"\" data-version=\"6.6.16\">\n\t\t\t\t\t<rs-slides style=\"overflow: hidden; position: absolute;\">\n\t\t\t\t\t\t<rs-slide style=\"position: absolute;\" data-key=\"rs-16\" data-title=\"Slide\" data-anim=\"adpr:false;\">\n\t\t\t\t\t\t\t<img decoding=\"async\" src=\"\/\/www.capacitacionensalud.com.ar\/dat\/wp-content\/plugins\/revslider\/public\/assets\/assets\/dummy.png\" alt=\"\" title=\"Diplomatura Superior en Acompa\u00f1amiento Terap\u00e9utico\" class=\"rev-slidebg tp-rs-img rs-lazyload\" data-lazyload=\"\/\/www.capacitacionensalud.com.ar\/dat\/wp-content\/uploads\/2021\/11\/atslide_1.jpg\" data-no-retina>\n<!---->\t\t\t\t\t\t<\/rs-slide>\n\t\t\t\t\t\t<rs-slide style=\"position: absolute;\" data-key=\"rs-18\" data-title=\"Slide\" data-anim=\"adpr:false;\">\n\t\t\t\t\t\t\t<img decoding=\"async\" src=\"\/\/www.capacitacionensalud.com.ar\/dat\/wp-content\/plugins\/revslider\/public\/assets\/assets\/dummy.png\" alt=\"\" title=\"Diplomatura Superior en Acompa\u00f1amiento Terap\u00e9utico\" class=\"rev-slidebg tp-rs-img rs-lazyload\" data-lazyload=\"\/\/www.capacitacionensalud.com.ar\/dat\/wp-content\/uploads\/2021\/11\/atslide_2.jpg\" data-no-retina>\n<!---->\t\t\t\t\t\t<\/rs-slide>\n\t\t\t\t\t\t<rs-slide style=\"position: absolute;\" data-key=\"rs-15\" data-title=\"Slide\" data-anim=\"adpr:false;\">\n\t\t\t\t\t\t\t<img decoding=\"async\" src=\"\/\/www.capacitacionensalud.com.ar\/dat\/wp-content\/plugins\/revslider\/public\/assets\/assets\/dummy.png\" alt=\"\" title=\"Diplomatura Superior en Acompa\u00f1amiento Terap\u00e9utico\" class=\"rev-slidebg tp-rs-img rs-lazyload\" data-lazyload=\"\/\/www.capacitacionensalud.com.ar\/dat\/wp-content\/uploads\/2021\/11\/atslide_3.jpg\" data-no-retina>\n<!---->\t\t\t\t\t\t<\/rs-slide>\n\t\t\t\t\t\t<rs-slide style=\"position: absolute;\" data-key=\"rs-17\" data-title=\"Slide\" data-anim=\"adpr:false;\">\n\t\t\t\t\t\t\t<img decoding=\"async\" src=\"\/\/www.capacitacionensalud.com.ar\/dat\/wp-content\/plugins\/revslider\/public\/assets\/assets\/dummy.png\" alt=\"\" title=\"Diplomatura Superior en Acompa\u00f1amiento Terap\u00e9utico\" class=\"rev-slidebg tp-rs-img rs-lazyload\" data-lazyload=\"\/\/www.capacitacionensalud.com.ar\/dat\/wp-content\/uploads\/2021\/11\/atslide_4.jpg\" data-no-retina>\n<!---->\t\t\t\t\t\t<\/rs-slide>\n\t\t\t\t\t<\/rs-slides>\n\t\t\t\t<\/rs-module>\n\t\t\t\t<script>\n\t\t\t\t\tsetREVStartSize({c: 'rev_slider_6_1',rl:[1240,1024,778,480],el:[],gw:[1240],gh:[330],type:'standard',justify:'',layout:'fullwidth',mh:\"0\"});if (window.RS_MODULES!==undefined && window.RS_MODULES.modules!==undefined && window.RS_MODULES.modules[\"revslider61\"]!==undefined) {window.RS_MODULES.modules[\"revslider61\"].once = false;window.revapi6 = undefined;if (window.RS_MODULES.checkMinimal!==undefined) window.RS_MODULES.checkMinimal()}\n\t\t\t\t<\/script>\n\t\t\t<\/rs-module-wrap>\n\t\t\t<!-- END REVOLUTION SLIDER -->\n[\/vc_column][\/vc_row][vc_row full_width=&#8221;stretch_row_content_no_spaces&#8221; content_placement=&#8221;top&#8221; css=&#8221;.vc_custom_1591898598147{background-position: 0 0 !important;background-repeat: no-repeat !important;}&#8221;][vc_column offset=&#8221;vc_hidden-lg vc_hidden-md vc_hidden-sm&#8221;]\n\t\t\t<!-- START at REVOLUTION SLIDER 6.6.16 --><p class=\"rs-p-wp-fix\"><\/p>\n\t\t\t<rs-module-wrap id=\"rev_slider_6_2_wrapper\" data-source=\"gallery\" style=\"visibility:hidden;background:transparent;padding:0;margin:0px auto;margin-top:0;margin-bottom:0;\">\n\t\t\t\t<rs-module id=\"rev_slider_6_2\" style=\"\" data-version=\"6.6.16\">\n\t\t\t\t\t<rs-slides style=\"overflow: hidden; position: absolute;\">\n\t\t\t\t\t\t<rs-slide style=\"position: absolute;\" data-key=\"rs-16\" data-title=\"Slide\" data-anim=\"adpr:false;\">\n\t\t\t\t\t\t\t<img decoding=\"async\" src=\"\/\/www.capacitacionensalud.com.ar\/dat\/wp-content\/plugins\/revslider\/public\/assets\/assets\/dummy.png\" alt=\"\" title=\"Diplomatura Superior en Acompa\u00f1amiento Terap\u00e9utico\" class=\"rev-slidebg tp-rs-img rs-lazyload\" data-lazyload=\"\/\/www.capacitacionensalud.com.ar\/dat\/wp-content\/uploads\/2021\/11\/atslide_1.jpg\" data-no-retina>\n<!---->\t\t\t\t\t\t<\/rs-slide>\n\t\t\t\t\t\t<rs-slide style=\"position: absolute;\" data-key=\"rs-18\" data-title=\"Slide\" data-anim=\"adpr:false;\">\n\t\t\t\t\t\t\t<img decoding=\"async\" src=\"\/\/www.capacitacionensalud.com.ar\/dat\/wp-content\/plugins\/revslider\/public\/assets\/assets\/dummy.png\" alt=\"\" title=\"Diplomatura Superior en Acompa\u00f1amiento Terap\u00e9utico\" class=\"rev-slidebg tp-rs-img rs-lazyload\" data-lazyload=\"\/\/www.capacitacionensalud.com.ar\/dat\/wp-content\/uploads\/2021\/11\/atslide_2.jpg\" data-no-retina>\n<!---->\t\t\t\t\t\t<\/rs-slide>\n\t\t\t\t\t\t<rs-slide style=\"position: absolute;\" data-key=\"rs-15\" data-title=\"Slide\" data-anim=\"adpr:false;\">\n\t\t\t\t\t\t\t<img decoding=\"async\" src=\"\/\/www.capacitacionensalud.com.ar\/dat\/wp-content\/plugins\/revslider\/public\/assets\/assets\/dummy.png\" alt=\"\" title=\"Diplomatura Superior en Acompa\u00f1amiento Terap\u00e9utico\" class=\"rev-slidebg tp-rs-img rs-lazyload\" data-lazyload=\"\/\/www.capacitacionensalud.com.ar\/dat\/wp-content\/uploads\/2021\/11\/atslide_3.jpg\" data-no-retina>\n<!---->\t\t\t\t\t\t<\/rs-slide>\n\t\t\t\t\t\t<rs-slide style=\"position: absolute;\" data-key=\"rs-17\" data-title=\"Slide\" data-anim=\"adpr:false;\">\n\t\t\t\t\t\t\t<img decoding=\"async\" src=\"\/\/www.capacitacionensalud.com.ar\/dat\/wp-content\/plugins\/revslider\/public\/assets\/assets\/dummy.png\" alt=\"\" title=\"Diplomatura Superior en Acompa\u00f1amiento Terap\u00e9utico\" class=\"rev-slidebg tp-rs-img rs-lazyload\" data-lazyload=\"\/\/www.capacitacionensalud.com.ar\/dat\/wp-content\/uploads\/2021\/11\/atslide_4.jpg\" data-no-retina>\n<!---->\t\t\t\t\t\t<\/rs-slide>\n\t\t\t\t\t<\/rs-slides>\n\t\t\t\t<\/rs-module>\n\t\t\t\t<script>\n\t\t\t\t\tsetREVStartSize({c: 'rev_slider_6_2',rl:[1240,1024,778,480],el:[],gw:[1240],gh:[330],type:'standard',justify:'',layout:'fullwidth',mh:\"0\"});if (window.RS_MODULES!==undefined && window.RS_MODULES.modules!==undefined && window.RS_MODULES.modules[\"revslider62\"]!==undefined) {window.RS_MODULES.modules[\"revslider62\"].once = false;window.revapi6_2 = undefined;if (window.RS_MODULES.checkMinimal!==undefined) window.RS_MODULES.checkMinimal()}\n\t\t\t\t<\/script>\n\t\t\t<\/rs-module-wrap>\n\t\t\t<!-- END REVOLUTION SLIDER -->\n[\/vc_column][\/vc_row][vc_row full_width=&#8221;stretch_row&#8221; content_placement=&#8221;middle&#8221; css=&#8221;.vc_custom_1591900055396{background-color: #0080d6 !important;background-position: 0 0 !important;background-repeat: no-repeat !important;}&#8221;][vc_column width=&#8221;1\/2&#8243; offset=&#8221;vc_hidden-xs&#8221; css=&#8221;.vc_custom_1591898544003{margin-top: -15px !important;margin-bottom: -18px !important;}&#8221;][vc_column_text css=&#8221;.vc_custom_1636721232389{margin-left: 40px !important;}&#8221;]<span style=\"color: #ffffff; font-size: 35px; font-family: 'trebuchet ms', geneva, sans-serif; font-weight: bold; line-height: 25px;\">Diplomatura Superior en Acompa\u00f1amiento Terap\u00e9utico<\/span><br \/>\n<span style=\"color: #ffffff; font-size: 16px; font-family: roboto; font-weight: 300;\">Resoluci\u00f3n Rectoral N\u00ba 261\/19<\/span>[\/vc_column_text][\/vc_column][vc_column width=&#8221;1\/2&#8243; offset=&#8221;vc_hidden-xs&#8221; css=&#8221;.vc_custom_1591898552887{margin-top: -15px !important;margin-bottom: -18px !important;}&#8221;][vc_column_text css=&#8221;.vc_custom_1602268458519{margin-right: 40px !important;}&#8221;]<\/p>\n<p style=\"text-align: right;\"><a rel=\"noopener noreferrer\" href=\"https:\/\/www.instagram.com\/at.ufasta\/\" target=\"_blank\"><img loading=\"lazy\" decoding=\"async\" class=\"alignnone wp-image-9662\" src=\"https:\/\/www.capacitacionensalud.com.ar\/dat\/wp-content\/uploads\/2020\/06\/insta.svg\" alt=\"\" width=\"50\" height=\"41\" \/><\/a> <a rel=\"noopener noreferrer\" href=\"https:\/\/www.facebook.com\/at.ufasta\/\" target=\"_blank\"><img loading=\"lazy\" decoding=\"async\" class=\"alignnone wp-image-9661\" src=\"https:\/\/www.capacitacionensalud.com.ar\/dat\/wp-content\/uploads\/2020\/06\/face.svg\" alt=\"\" width=\"50\" height=\"41\" \/><\/a><\/p>\n<p>[\/vc_column_text][\/vc_column][\/vc_row][vc_row full_width=&#8221;stretch_row&#8221; content_placement=&#8221;middle&#8221; css=&#8221;.vc_custom_1591900048546{background-color: #0080d6 !important;background-position: 0 0 !important;background-repeat: no-repeat !important;}&#8221;][vc_column offset=&#8221;vc_hidden-lg vc_hidden-md vc_hidden-sm&#8221; css=&#8221;.vc_custom_1591899171043{margin-top: -12px !important;margin-bottom: -20px !important;}&#8221;][vc_column_text css=&#8221;.vc_custom_1742354755664{margin-top: -15px !important;}&#8221;]<\/p>\n<p style=\"text-align: center;\"><span style=\"color: #ffffff; font-size: 28px; font-family: 'trebuchet ms', geneva, sans-serif; font-weight: bold; line-height: 27px;\">Diplomatura Superior en Acompa\u00f1amiento Terap\u00e9utico<\/span><\/p>\n<p style=\"text-align: center; margin-top: -19px;\"><span style=\"color: #ffffff; font-size: 17px; font-family: roboto; font-weight: 300;\">Resoluci\u00f3n Rectoral N\u00ba 261\/19<\/span><\/p>\n<p style=\"text-align: center; margin-top: -17px;\"><a rel=\"noopener noreferrer\" href=\"https:\/\/www.instagram.com\/at.ufasta\/\" target=\"_blank\"><img loading=\"lazy\" decoding=\"async\" class=\"alignnone wp-image-9662\" src=\"https:\/\/www.capacitacionensalud.com.ar\/dat\/wp-content\/uploads\/2020\/06\/insta.svg\" alt=\"\" width=\"35\" height=\"29\" \/><\/a> <a rel=\"noopener noreferrer\" href=\"https:\/\/www.facebook.com\/at.ufasta\/\" target=\"_blank\"><img loading=\"lazy\" decoding=\"async\" class=\"alignnone wp-image-9661\" src=\"https:\/\/www.capacitacionensalud.com.ar\/dat\/wp-content\/uploads\/2020\/06\/face.svg\" alt=\"\" width=\"35\" height=\"29\" \/><\/a><\/p>\n<p>[\/vc_column_text][\/vc_column][\/vc_row][vc_row full_width=&#8221;stretch_row&#8221;][vc_column][vc_row_inner][vc_column_inner width=&#8221;1\/6&#8243;][\/vc_column_inner][vc_column_inner width=&#8221;2\/3&#8243; css=&#8221;.vc_custom_1562785573963{padding-right: 35px !important;padding-left: 35px !important;}&#8221;][vc_single_image image=&#8221;10938&#8243; img_size=&#8221;full&#8221;][vc_column_text]<span style=\"color: #ff6600; font-size: 18pt; font-family: 'trebuchet ms', geneva, sans-serif; font-weight: bold;\">INSCRIPCI\u00d3N GRATIS &#8211; Inicio Inmediato<\/span>[\/vc_column_text][vc_wp_text]<span style=\"font-size: 14pt; color: #009fe3;\"><strong>Objetivos de la Diplomatura<\/strong><\/span><\/p>\n<p><span style=\"font-size: 14pt; color: #003366;\">Frente a la demanda actual de intervenci\u00f3n en diferentes \u00e1mbitos de la salud y la educaci\u00f3n, surge la necesidad de una completa formaci\u00f3n en Acompa\u00f1amiento Terap\u00e9utico; en este caso, a trav\u00e9s de una Diplomatura Superior complementaria del curso de extensi\u00f3n de Acompa\u00f1ante.<\/span><\/p>\n<p><span style=\"font-size: 14pt; color: #003366;\">El acompa\u00f1ante terap\u00e9utico desempe\u00f1ar\u00e1 un rol fundamental dentro de un grupo interdisciplinario de profesionales, donde podr\u00e1 establecer un v\u00ednculo con el otro dentro de un marco human\u00edstico; escuchar, observar, identificar y frenar impulsos o angustias generando respuestas adaptativas en la cotidianidad del paciente con abordajes m\u00e1s complejos como en el \u00e1rea de la discapacidad, trastornos escolares y salud mental.<\/span><\/p>\n<p><span style=\"font-size: 14pt; color: #009fe3;\"><strong>Destinatarios<\/strong><\/span><\/p>\n<p><span style=\"font-size: 14pt; color: #003366;\">Alumnos que hayan realizado un curso de Acompa\u00f1ante Terap\u00e9utico de acuerdo al programa previsto en la Resoluci\u00f3n del Rectorado de la Universidad FASTA N\u00b0 416\/13.<\/span><\/p>\n<p><span style=\"font-size: 14pt; color: #009fe3;\"><strong>Requisitos<\/strong><\/span><\/p>\n<p><span style=\"font-size: 14pt; color: #003366;\">Haber obtenido previamente la certificaci\u00f3n de \u201cAcompa\u00f1ante Terap\u00e9utico\u201d.<\/span><\/p>\n<p><span style=\"font-size: 14pt; color: #009fe3;\"><strong>Caracter\u00edsticas de la Diplomatura<\/strong><\/span><\/p>\n<p><span style=\"font-size: 14pt; color: #003366;\"><strong>Duraci\u00f3n:<\/strong> 6 meses (a cada mes corresponde una UNIDAD &#8211; total 6 unidades).<\/span><\/p>\n<p><span style=\"font-size: 14pt; color: #003366;\"><strong>Desarrollo de las clases:<\/strong> a DISTANCIA, a trav\u00e9s de una exclusiva Plataforma de Educaci\u00f3n a Distancia desarrollada por la Universidad el alumno accede con cualquier dispositivo, PC, m\u00f3vil, Tablet, etc., y en cualquier momento al material de clases (videos, apuntes, autoevaluaciones y asistencia permanente de tutores especializados).<\/span><\/p>\n<p><span style=\"font-size: 14pt; color: #003366;\">Una vez completadas las 6 unidades deber\u00e1 rendir un <strong>ex\u00e1men final<\/strong> a trav\u00e9s de la Plataforma para obtener la Certificaci\u00f3n Universitaria.<\/span>[\/vc_wp_text][vc_wp_text]<span class='pum-trigger  popmake-9817  ' data-do-default=''><span style=\"color: #0000ff;font-size: 13pt;text-decoration: underline\">\u201cVentajas de Modalidad Distancia\u201d<\/span><\/span>[\/vc_wp_text][vc_wp_text]<span style=\"font-size: 1.6em; color: #009fe3;\"><strong>Eje tem\u00e1tico<\/strong><\/span><\/p>\n<p><span style=\"font-size: 14pt; color: #003366;\"><strong>\u2022<\/strong>\u00a0Acompa\u00f1amiento Terap\u00e9utico y Ciclo Vital: Ni\u00f1ez y Adolescencia<br \/>\n<strong>\u2022<\/strong>\u00a0Psicolog\u00eda General<br \/>\n<strong>\u2022<\/strong>\u00a0Herramientas Cl\u00ednicas en Acompa\u00f1amiento Terap\u00e9utico<br \/>\n<strong>\u2022<\/strong>\u00a0Taller de Acompa\u00f1amiento Terap\u00e9utico en Discapacidad<br \/>\n<strong>\u2022<\/strong>\u00a0Salud Mental<br \/>\n<strong>\u2022<\/strong>\u00a0Taller de Acompa\u00f1amiento Terap\u00e9utico Escolar<\/span>[\/vc_wp_text][vc_btn title=&#8221;<b>PROGRAMA COMPLETO DEL CURSO<\/b>&#8221; style=&#8221;custom&#8221; custom_background=&#8221;#009fe3&#8243; custom_text=&#8221;#ffffff&#8221; size=&#8221;sm&#8221; align=&#8221;left&#8221; link=&#8221;url:https%3A%2F%2Fwww.capacitacionensalud.com.ar%2Fnopresencial%2Fdat%2Fprograma.pdf||target:%20_blank|&#8221;][vc_wp_text]<span style=\"font-size: 1.6em; color: #009fe3;\"><strong>Aranceles<\/strong><\/span><\/p>\n<p><span style=\"font-size: 14pt; color: #003366;\"><strong>INSCRIPCI\u00d3N:<\/strong> $40.000 (<strong>GRATIS<\/strong> este mes)<\/span><br \/>\n<span style=\"font-size: 14pt; color: #003366;\"><strong>CUOTA MENSUAL<\/strong>: $114.000<\/span><br \/>\n<span style=\"font-size: 14pt; color: #003366;\"><strong>CERTIFICACI\u00d3N UNIVERSITARIA<\/strong> (Se abona al finalizar el curso): $114.000<\/span><\/p>\n<p>&nbsp;<\/p>\n<p><span style=\"font-size: 1.6em; color: #009fe3;\"><strong>Directivos<\/strong><\/span><\/p>\n<p><span style=\"font-size: 14pt; color: #003366;\">Sra. Decana de la Facultad de Ciencias M\u00e9dicas<br \/>\nDra. Julia Elbaba.<\/span><br \/>\n<span style=\"font-size: 14pt; color: #003366;\"><br \/>\nDirector del curso<br \/>\nLic. Adri\u00e1n Noya<\/span><br \/>\n<span style=\"font-size: 14pt; color: #003366;\"><br \/>\nCoordinador Acad\u00e9mico:<br \/>\nPsic. Mar\u00eda del Cielo Artigas<br \/>\n<\/span>[\/vc_wp_text][vc_btn title=&#8221;<b>INSCRIBITE AHORA<\/b>&#8221; style=&#8221;custom&#8221; custom_background=&#8221;#ef4700&#8243; custom_text=&#8221;#ffffff&#8221; align=&#8221;left&#8221; link=&#8221;url:https%3A%2F%2Fwww.capacitacionensalud.com.ar%2Fdat%2Fformulario-de-inscripcion%2F|||&#8221;][vc_wp_text]<span style=\"color: #000080; font-size: 13pt; text-decoration: underline;\"><a style=\"color: #000080;\" href=\"https:\/\/www.capacitacionensalud.com.ar\/dat\/contacto-dat\/\"><span style=\"text-decoration: underline;\">\u00bfTe qued\u00f3 alguna duda?<\/span><\/a><\/span>[\/vc_wp_text][\/vc_column_inner][vc_column_inner width=&#8221;1\/6&#8243;][\/vc_column_inner][\/vc_row_inner][\/vc_column][\/vc_row][vc_row full_width=&#8221;stretch_row&#8221; css=&#8221;.vc_custom_1588703945449{margin-top: 50px !important;padding-top: 55px !important;padding-bottom: 55px !important;background-color: #ededed !important;}&#8221;][vc_column width=&#8221;1\/2&#8243;][vc_row_inner][vc_column_inner offset=&#8221;vc_hidden-xs&#8221;][vc_single_image image=&#8221;9120&#8243; img_size=&#8221;full&#8221; alignment=&#8221;center&#8221;][\/vc_column_inner][\/vc_row_inner][vc_row_inner][vc_column_inner css=&#8221;.vc_custom_1591761299236{padding-right: 50px !important;padding-left: 50px !important;}&#8221; offset=&#8221;vc_hidden-lg vc_hidden-md vc_hidden-sm&#8221;][vc_single_image image=&#8221;9120&#8243; img_size=&#8221;full&#8221; alignment=&#8221;center&#8221;][\/vc_column_inner][\/vc_row_inner][\/vc_column][vc_column width=&#8221;1\/2&#8243; css=&#8221;.vc_custom_1588703968839{padding-right: 30px !important;padding-left: 30px !important;}&#8221;][vc_column_text]<span style=\"color: #003366; font-size: 15pt; font-family: 'trebuchet ms', geneva, sans-serif; font-weight: 900;\">DEMO GRATIS<\/span><\/p>\n<p><span style=\"font-size: 12pt; color: #003366;\">Te invitamos a una demostraci\u00f3n de c\u00f3mo acceder\u00e1s a los videos de las clases. Adem\u00e1s de distintos videos, el Curso se completa con material de apuntes y autoevaluaciones por cada unidad. A la vez, tendr\u00e1s asistencia permanente de los docentes del Curso por correo interno o telef\u00f3nicamente para aclarar sus dudas y consultas.<\/span><\/p>\n<p><span style=\"font-size: 12pt; color: #003366;\">Una vez que se completan las 6 unidades del Curso y se aprueba el examen final se obtiene la <strong>Diplomatura Superior en Acompa\u00f1amiento Terap\u00e9utico.<\/strong><\/span>[\/vc_column_text][vc_btn title=&#8221;<b>INGRESAR A LA DEMO<\/b>&#8221; style=&#8221;custom&#8221; custom_background=&#8221;#009fe3&#8243; custom_text=&#8221;#ffffff&#8221; size=&#8221;sm&#8221; align=&#8221;left&#8221; link=&#8221;url:http%3A%2F%2Fnopresencial.capacitacionensalud.com.ar%2Falogin.cgi%3FID%3D210||target:%20_blank|&#8221;][\/vc_column][\/vc_row]<\/p>\n","protected":false},"excerpt":{"rendered":"<p>[vc_row content_placement=&#8221;top&#8221; css=&#8221;.vc_custom_1591898593029{background-position: 0 0 !important;background-repeat: no-repeat !important;}&#8221;][vc_column offset=&#8221;vc_hidden-xs&#8221;][\/vc_column][\/vc_row][vc_row full_width=&#8221;stretch_row_content_no_spaces&#8221; content_placement=&#8221;top&#8221; css=&#8221;.vc_custom_1591898598147{background-position: 0 0 !important;background-repeat: no-repeat !important;}&#8221;][vc_column offset=&#8221;vc_hidden-lg vc_hidden-md vc_hidden-sm&#8221;][\/vc_column][\/vc_row][vc_row&#8230;<\/p>\n","protected":false},"author":2,"featured_media":0,"parent":0,"menu_order":0,"comment_status":"closed","ping_status":"closed","template":"","meta":{"_joinchat":[],"footnotes":""},"class_list":["post-10803","page","type-page","status-publish","hentry"],"_links":{"self":[{"href":"https:\/\/www.capacitacionensalud.com.ar\/dat\/wp-json\/wp\/v2\/pages\/10803","targetHints":{"allow":["GET"]}}],"collection":[{"href":"https:\/\/www.capacitacionensalud.com.ar\/dat\/wp-json\/wp\/v2\/pages"}],"about":[{"href":"https:\/\/www.capacitacionensalud.com.ar\/dat\/wp-json\/wp\/v2\/types\/page"}],"author":[{"embeddable":true,"href":"https:\/\/www.capacitacionensalud.com.ar\/dat\/wp-json\/wp\/v2\/users\/2"}],"replies":[{"embeddable":true,"href":"https:\/\/www.capacitacionensalud.com.ar\/dat\/wp-json\/wp\/v2\/comments?post=10803"}],"version-history":[{"count":33,"href":"https:\/\/www.capacitacionensalud.com.ar\/dat\/wp-json\/wp\/v2\/pages\/10803\/revisions"}],"predecessor-version":[{"id":13234,"href":"https:\/\/www.capacitacionensalud.com.ar\/dat\/wp-json\/wp\/v2\/pages\/10803\/revisions\/13234"}],"wp:attachment":[{"href":"https:\/\/www.capacitacionensalud.com.ar\/dat\/wp-json\/wp\/v2\/media?parent=10803"}],"curies":[{"name":"wp","href":"https:\/\/api.w.org\/{rel}","templated":true}]}}