{"id":9211,"date":"2020-05-28T20:26:38","date_gmt":"2020-05-28T23:26:38","guid":{"rendered":"https:\/\/www.capacitacionensalud.com.ar\/web\/?page_id=9211"},"modified":"2025-02-16T15:56:01","modified_gmt":"2025-02-16T18:56:01","slug":"reconocimiento-y-certificacion","status":"publish","type":"page","link":"https:\/\/www.capacitacionensalud.com.ar\/web\/reconocimiento-y-certificacion\/","title":{"rendered":"Reconocimiento y Certificaci\u00f3n"},"content":{"rendered":"<p>[vc_row full_width=&#8221;stretch_row_content_no_spaces&#8221;][vc_column][vc_row_inner][vc_column_inner offset=&#8221;vc_hidden-xs&#8221;][vc_column_text css=&#8221;.vc_custom_1591067374597{margin-top: 60px !important;margin-bottom: 120px !important;}&#8221;]<\/p>\n<p style=\"text-align: center;\"><span style=\"color: #003366; font-size: 35pt; font-family: roboto; font-weight: 100;\">RECONOCIMIENTO Y CERTIFICACI\u00d3N<\/span><\/p>\n<p>[\/vc_column_text][\/vc_column_inner][\/vc_row_inner][\/vc_column][\/vc_row][vc_row full_width=&#8221;stretch_row_content_no_spaces&#8221;][vc_column][vc_row_inner][vc_column_inner width=&#8221;1\/6&#8243; offset=&#8221;vc_hidden-xs&#8221;][vc_column_text][\/vc_column_text][\/vc_column_inner][vc_column_inner width=&#8221;2\/3&#8243; offset=&#8221;vc_hidden-xs&#8221;][vc_column_text]&nbsp;<\/p>\n<p style=\"text-align: left;\"><strong><span style=\"color: #003366; font-size: 20pt; font-family: roboto;\">Universidad FASTA<\/span><\/strong><\/p>\n<p><img loading=\"lazy\" decoding=\"async\" class=\"alignnone size-full wp-image-9222\" src=\"https:\/\/www.capacitacionensalud.com.ar\/web\/wp-content\/uploads\/2020\/05\/reconocimiento_1.jpg\" alt=\"\" width=\"1000\" height=\"573\" srcset=\"https:\/\/www.capacitacionensalud.com.ar\/web\/wp-content\/uploads\/2020\/05\/reconocimiento_1.jpg 1000w, https:\/\/www.capacitacionensalud.com.ar\/web\/wp-content\/uploads\/2020\/05\/reconocimiento_1-300x172.jpg 300w, https:\/\/www.capacitacionensalud.com.ar\/web\/wp-content\/uploads\/2020\/05\/reconocimiento_1-768x440.jpg 768w\" sizes=\"auto, (max-width: 1000px) 100vw, 1000px\" \/><\/p>\n<p style=\"text-align: left;\"><span style=\"font-size: 14pt; color: #003366;\">La <strong>Universidad FASTA<\/strong> es una instituci\u00f3n con 30 a\u00f1os de trayectoria en Argentina, est\u00e1 reconocida y aprobada por el Ministerio de Educaci\u00f3n de la Naci\u00f3n, posee actualmente m\u00e1s de 20.000 alumnos en todo el pa\u00eds realizando sus carreras, diplomaturas y cursos.<\/span><\/p>\n<p>&nbsp;<\/p>\n<hr \/>\n<p>&nbsp;<\/p>\n<p style=\"text-align: left;\"><strong><span style=\"color: #003366; font-size: 20pt; font-family: roboto;\">Aprobaci\u00f3n de los cursos<\/span><\/strong><\/p>\n<p><img loading=\"lazy\" decoding=\"async\" class=\"alignnone size-full wp-image-9224\" src=\"https:\/\/www.capacitacionensalud.com.ar\/web\/wp-content\/uploads\/2020\/05\/reconocimiento_3.jpg\" alt=\"\" width=\"1000\" height=\"573\" srcset=\"https:\/\/www.capacitacionensalud.com.ar\/web\/wp-content\/uploads\/2020\/05\/reconocimiento_3.jpg 1000w, https:\/\/www.capacitacionensalud.com.ar\/web\/wp-content\/uploads\/2020\/05\/reconocimiento_3-300x172.jpg 300w, https:\/\/www.capacitacionensalud.com.ar\/web\/wp-content\/uploads\/2020\/05\/reconocimiento_3-768x440.jpg 768w\" sizes=\"auto, (max-width: 1000px) 100vw, 1000px\" \/><\/p>\n<p style=\"text-align: left;\"><span style=\"font-size: 14pt; color: #003366;\">Los Cursos son dictados por la Facultad de Ciencias M\u00e9dicas de la Universidad, est\u00e1n aprobados por Resoluciones del Rectorado, cuentan con el auspicio del <strong>Ministerio de Salud de la Naci\u00f3n<\/strong> y posee certificaciones legalizadas por el <strong>Ministerio de Educaci\u00f3n<\/strong>.<\/span><\/p>\n<p>&nbsp;<\/p>\n<hr \/>\n<p>&nbsp;<\/p>\n<p style=\"text-align: left;\"><strong><span style=\"color: #003366; font-size: 20pt; font-family: roboto;\">Certificaci\u00f3n<\/span><\/strong><\/p>\n<p><img loading=\"lazy\" decoding=\"async\" class=\"alignnone size-full wp-image-9223\" src=\"https:\/\/www.capacitacionensalud.com.ar\/web\/wp-content\/uploads\/2020\/05\/reconocimiento_2.jpg\" alt=\"\" width=\"1000\" height=\"573\" srcset=\"https:\/\/www.capacitacionensalud.com.ar\/web\/wp-content\/uploads\/2020\/05\/reconocimiento_2.jpg 1000w, https:\/\/www.capacitacionensalud.com.ar\/web\/wp-content\/uploads\/2020\/05\/reconocimiento_2-300x172.jpg 300w, https:\/\/www.capacitacionensalud.com.ar\/web\/wp-content\/uploads\/2020\/05\/reconocimiento_2-768x440.jpg 768w\" sizes=\"auto, (max-width: 1000px) 100vw, 1000px\" \/><\/p>\n<p style=\"text-align: left;\"><span style=\"font-size: 14pt; color: #003366;\">Una vez aprobado el Curso la Universidad otorga la <strong>CERTIFICACI\u00d3N UNIVERSITARIA<\/strong> que posee un importante reconocimiento en el \u00e1mbito laboral.<\/span><\/p>\n<p>&nbsp;[\/vc_column_text][\/vc_column_inner][vc_column_inner width=&#8221;1\/6&#8243;][\/vc_column_inner][\/vc_row_inner][vc_row_inner][vc_column_inner offset=&#8221;vc_hidden-lg vc_hidden-md vc_hidden-sm&#8221;][vc_column_text css=&#8221;.vc_custom_1591065649801{margin-top: 40px !important;margin-bottom: 40px !important;}&#8221;]<\/p>\n<p style=\"text-align: center;\"><span style=\"color: #333399; font-size: 22pt; font-family: roboto; font-weight: 100;\">RECONOCIMIENTO Y CERTIFICACI\u00d3N<\/span><\/p>\n<p>[\/vc_column_text][vc_column_text]&nbsp;<\/p>\n<p style=\"text-align: left;\"><strong><span style=\"color: #003366; font-size: 20pt; font-family: roboto;\">Universidad FASTA<\/span><\/strong><\/p>\n<p><img loading=\"lazy\" decoding=\"async\" class=\"alignnone size-full wp-image-9222\" src=\"https:\/\/www.capacitacionensalud.com.ar\/web\/wp-content\/uploads\/2020\/05\/reconocimiento_1.jpg\" alt=\"\" width=\"1000\" height=\"573\" srcset=\"https:\/\/www.capacitacionensalud.com.ar\/web\/wp-content\/uploads\/2020\/05\/reconocimiento_1.jpg 1000w, https:\/\/www.capacitacionensalud.com.ar\/web\/wp-content\/uploads\/2020\/05\/reconocimiento_1-300x172.jpg 300w, https:\/\/www.capacitacionensalud.com.ar\/web\/wp-content\/uploads\/2020\/05\/reconocimiento_1-768x440.jpg 768w\" sizes=\"auto, (max-width: 1000px) 100vw, 1000px\" \/><\/p>\n<p style=\"text-align: left;\"><span style=\"font-size: 14pt; color: #003366;\">La <strong>Universidad FASTA<\/strong> es una instituci\u00f3n con 30 a\u00f1os de trayectoria en Argentina, est\u00e1 reconocida y aprobada por el Ministerio de Educaci\u00f3n de la Naci\u00f3n, posee actualmente m\u00e1s de 20.000 alumnos en todo el pa\u00eds realizando sus carreras, diplomaturas y cursos.<\/span><\/p>\n<p>&nbsp;<\/p>\n<hr \/>\n<p>&nbsp;<\/p>\n<p style=\"text-align: left;\"><strong><span style=\"color: #003366; font-size: 20pt; font-family: roboto;\">Aprobaci\u00f3n de los cursos<\/span><\/strong><\/p>\n<p><img loading=\"lazy\" decoding=\"async\" class=\"alignnone size-full wp-image-9224\" src=\"https:\/\/www.capacitacionensalud.com.ar\/web\/wp-content\/uploads\/2020\/05\/reconocimiento_3.jpg\" alt=\"\" width=\"1000\" height=\"573\" srcset=\"https:\/\/www.capacitacionensalud.com.ar\/web\/wp-content\/uploads\/2020\/05\/reconocimiento_3.jpg 1000w, https:\/\/www.capacitacionensalud.com.ar\/web\/wp-content\/uploads\/2020\/05\/reconocimiento_3-300x172.jpg 300w, https:\/\/www.capacitacionensalud.com.ar\/web\/wp-content\/uploads\/2020\/05\/reconocimiento_3-768x440.jpg 768w\" sizes=\"auto, (max-width: 1000px) 100vw, 1000px\" \/><\/p>\n<p style=\"text-align: left;\"><span style=\"font-size: 14pt; color: #003366;\">Los Cursos son dictados por la Facultad de Ciencias M\u00e9dicas de la Universidad, est\u00e1n aprobados por Resoluciones del Rectorado, cuentan con el auspicio del <strong>Ministerio de Salud de la Naci\u00f3n<\/strong> y posee certificaciones legalizadas por el <strong>Ministerio de Educaci\u00f3n<\/strong>.<\/span><\/p>\n<p>&nbsp;<\/p>\n<hr \/>\n<p>&nbsp;<\/p>\n<p style=\"text-align: left;\"><strong><span style=\"color: #003366; font-size: 20pt; font-family: roboto;\">Certificaci\u00f3n<\/span><\/strong><\/p>\n<p><img loading=\"lazy\" decoding=\"async\" class=\"alignnone size-full wp-image-9223\" src=\"https:\/\/www.capacitacionensalud.com.ar\/web\/wp-content\/uploads\/2020\/05\/reconocimiento_2.jpg\" alt=\"\" width=\"1000\" height=\"573\" srcset=\"https:\/\/www.capacitacionensalud.com.ar\/web\/wp-content\/uploads\/2020\/05\/reconocimiento_2.jpg 1000w, https:\/\/www.capacitacionensalud.com.ar\/web\/wp-content\/uploads\/2020\/05\/reconocimiento_2-300x172.jpg 300w, https:\/\/www.capacitacionensalud.com.ar\/web\/wp-content\/uploads\/2020\/05\/reconocimiento_2-768x440.jpg 768w\" sizes=\"auto, (max-width: 1000px) 100vw, 1000px\" \/><\/p>\n<p style=\"text-align: left;\"><span style=\"font-size: 14pt; color: #003366;\">Una vez aprobado el Curso la Universidad otorga la <strong>CERTIFICACI\u00d3N UNIVERSITARIA<\/strong> que posee un importante reconocimiento en el \u00e1mbito laboral.<\/span><\/p>\n<p>&nbsp;[\/vc_column_text][\/vc_column_inner][\/vc_row_inner][\/vc_column][\/vc_row]<\/p>\n","protected":false},"excerpt":{"rendered":"<p>[vc_row full_width=&#8221;stretch_row_content_no_spaces&#8221;][vc_column][vc_row_inner][vc_column_inner offset=&#8221;vc_hidden-xs&#8221;][vc_column_text css=&#8221;.vc_custom_1591067374597{margin-top: 60px !important;margin-bottom: 120px !important;}&#8221;] RECONOCIMIENTO Y CERTIFICACI\u00d3N [\/vc_column_text][\/vc_column_inner][\/vc_row_inner][\/vc_column][\/vc_row][vc_row full_width=&#8221;stretch_row_content_no_spaces&#8221;][vc_column][vc_row_inner][vc_column_inner width=&#8221;1\/6&#8243; offset=&#8221;vc_hidden-xs&#8221;][vc_column_text][\/vc_column_text][\/vc_column_inner][vc_column_inner width=&#8221;2\/3&#8243; offset=&#8221;vc_hidden-xs&#8221;][vc_column_text]&nbsp; Universidad FASTA La&#8230;<\/p>\n","protected":false},"author":2,"featured_media":0,"parent":0,"menu_order":0,"comment_status":"closed","ping_status":"closed","template":"","meta":{"_joinchat":[],"footnotes":""},"class_list":["post-9211","page","type-page","status-publish","hentry"],"_links":{"self":[{"href":"https:\/\/www.capacitacionensalud.com.ar\/web\/wp-json\/wp\/v2\/pages\/9211","targetHints":{"allow":["GET"]}}],"collection":[{"href":"https:\/\/www.capacitacionensalud.com.ar\/web\/wp-json\/wp\/v2\/pages"}],"about":[{"href":"https:\/\/www.capacitacionensalud.com.ar\/web\/wp-json\/wp\/v2\/types\/page"}],"author":[{"embeddable":true,"href":"https:\/\/www.capacitacionensalud.com.ar\/web\/wp-json\/wp\/v2\/users\/2"}],"replies":[{"embeddable":true,"href":"https:\/\/www.capacitacionensalud.com.ar\/web\/wp-json\/wp\/v2\/comments?post=9211"}],"version-history":[{"count":45,"href":"https:\/\/www.capacitacionensalud.com.ar\/web\/wp-json\/wp\/v2\/pages\/9211\/revisions"}],"predecessor-version":[{"id":39804,"href":"https:\/\/www.capacitacionensalud.com.ar\/web\/wp-json\/wp\/v2\/pages\/9211\/revisions\/39804"}],"wp:attachment":[{"href":"https:\/\/www.capacitacionensalud.com.ar\/web\/wp-json\/wp\/v2\/media?parent=9211"}],"curies":[{"name":"wp","href":"https:\/\/api.w.org\/{rel}","templated":true}]}}